{"id":24,"date":"2026-02-26T03:20:32","date_gmt":"2026-02-26T03:20:32","guid":{"rendered":"https:\/\/jin88-vn.com\/?page_id=24"},"modified":"2026-02-27T05:57:37","modified_gmt":"2026-02-27T05:57:37","slug":"trang-chu","status":"publish","type":"page","link":"https:\/\/jin88-vn.com\/","title":{"rendered":"Trang ch\u1ee7"},"content":{"rendered":"<h1 style=\"text-align: center;\"><span style=\"font-family: verdana, geneva, sans-serif;\">JIN88 &#8211; S\u00e2n ch\u01a1i gi\u1ea3i tr\u00ed h\u00e0ng \u0111\u1ea7u Ch\u00e2u \u00c1 2026 &#8211; Nh\u1eadn 58k free khi \u0111\u0103ng k\u00fd<\/span><\/h1>\n","protected":false},"excerpt":{"rendered":"<p>JIN88 &#8211; S\u00e2n ch\u01a1i gi\u1ea3i tr\u00ed h\u00e0ng \u0111\u1ea7u Ch\u00e2u \u00c1 2026 &#8211; Nh\u1eadn 58k free khi \u0111\u0103ng k\u00fd<\/p>\n","protected":false},"author":1,"featured_media":6,"parent":0,"menu_order":0,"comment_status":"closed","ping_status":"closed","template":"","meta":{"footnotes":""},"class_list":["post-24","page","type-page","status-publish","has-post-thumbnail","hentry"],"_links":{"self":[{"href":"https:\/\/jin88-vn.com\/index.php?rest_route=\/wp\/v2\/pages\/24","targetHints":{"allow":["GET"]}}],"collection":[{"href":"https:\/\/jin88-vn.com\/index.php?rest_route=\/wp\/v2\/pages"}],"about":[{"href":"https:\/\/jin88-vn.com\/index.php?rest_route=\/wp\/v2\/types\/page"}],"author":[{"embeddable":true,"href":"https:\/\/jin88-vn.com\/index.php?rest_route=\/wp\/v2\/users\/1"}],"replies":[{"embeddable":true,"href":"https:\/\/jin88-vn.com\/index.php?rest_route=%2Fwp%2Fv2%2Fcomments&post=24"}],"version-history":[{"count":3,"href":"https:\/\/jin88-vn.com\/index.php?rest_route=\/wp\/v2\/pages\/24\/revisions"}],"predecessor-version":[{"id":26,"href":"https:\/\/jin88-vn.com\/index.php?rest_route=\/wp\/v2\/pages\/24\/revisions\/26"}],"wp:featuredmedia":[{"embeddable":true,"href":"https:\/\/jin88-vn.com\/index.php?rest_route=\/wp\/v2\/media\/6"}],"wp:attachment":[{"href":"https:\/\/jin88-vn.com\/index.php?rest_route=%2Fwp%2Fv2%2Fmedia&parent=24"}],"curies":[{"name":"wp","href":"https:\/\/api.w.org\/{rel}","templated":true}]}}